{"id":34417,"date":"2020-10-19T10:45:40","date_gmt":"2020-10-19T08:45:40","guid":{"rendered":"https:\/\/www.ecomamk.sk\/home\/"},"modified":"2023-02-27T21:37:00","modified_gmt":"2023-02-27T20:37:00","slug":"home","status":"publish","type":"page","link":"https:\/\/www.ecomamk.sk\/en\/","title":{"rendered":"Home"},"content":{"rendered":"\n<section class=\"wp-block-uagb-section uagb-section__wrap uagb-section__background-none uagb-block-f018b253 hero-image\"><div class=\"uagb-section__overlay\"><\/div><div class=\"uagb-section__inner-wrap\">\n<span class=\"custom-nav\" id=\"home\"><\/span>\n\n\n\n<figure class=\"wp-block-image size-large\"><img loading=\"lazy\" width=\"1024\" height=\"683\" src=\"https:\/\/www.ecomamk.sk\/wp-content\/uploads\/2020\/04\/hero-1024x683.jpg\" alt=\"\" class=\"wp-image-34403\" srcset=\"https:\/\/www.ecomamk.sk\/wp-content\/uploads\/2020\/04\/hero-1024x683.jpg 1024w, https:\/\/www.ecomamk.sk\/wp-content\/uploads\/2020\/04\/hero-scaled-600x401.jpg 600w, https:\/\/www.ecomamk.sk\/wp-content\/uploads\/2020\/04\/hero-300x200.jpg 300w, https:\/\/www.ecomamk.sk\/wp-content\/uploads\/2020\/04\/hero-768x513.jpg 768w, https:\/\/www.ecomamk.sk\/wp-content\/uploads\/2020\/04\/hero-1536x1025.jpg 1536w, https:\/\/www.ecomamk.sk\/wp-content\/uploads\/2020\/04\/hero-2048x1367.jpg 2048w, https:\/\/www.ecomamk.sk\/wp-content\/uploads\/2020\/04\/hero-1200x801.jpg 1200w, https:\/\/www.ecomamk.sk\/wp-content\/uploads\/2020\/04\/hero-1980x1321.jpg 1980w\" sizes=\"(max-width: 1024px) 100vw, 1024px\" \/><\/figure>\n<\/div><\/section>\n\n\n\n<section class=\"wp-block-uagb-section uagb-section__wrap uagb-section__background-undefined uagb-block-4a092a72 hero-tabs-wrapper\"><div class=\"uagb-section__overlay\"><\/div><div class=\"uagb-section__inner-wrap\">\n<section class=\"wp-block-uagb-columns uagb-columns__wrap uagb-columns__background-undefined uagb-columns__stack-mobile uagb-columns__valign-undefined uagb-columns__gap-10 alignundefined uagb-block-5ebbd270 hero-tabs\"><div class=\"uagb-columns__overlay\"><\/div><div class=\"uagb-columns__inner-wrap uagb-columns__columns-3\">\n<div class=\"wp-block-uagb-column uagb-column__wrap uagb-column__background-undefined uagb-block-2854f691\"><div class=\"uagb-column__overlay\"><\/div><div class=\"uagb-column__inner-wrap\">\n<i class=\"fas fa-book-open\"><\/i>\n\n\n\n<p>Single and double entry bookkeeping guaranteed by a certified accountant<\/p>\n<\/div><\/div>\n\n\n\n<div class=\"wp-block-uagb-column uagb-column__wrap uagb-column__background-undefined uagb-block-5569c483\"><div class=\"uagb-column__overlay\"><\/div><div class=\"uagb-column__inner-wrap\">\n<i class=\"fas fa-euro-sign\"><\/i>\n\n\n\n<p>Complete payroll processing, including communication with authorities guaranteed by an experienced payroll accountant<\/p>\n<\/div><\/div>\n\n\n\n<div class=\"wp-block-uagb-column uagb-column__wrap uagb-column__background-undefined uagb-block-f2ceed83\"><div class=\"uagb-column__overlay\"><\/div><div class=\"uagb-column__inner-wrap\">\n<i class=\"fas fa-file-invoice\"><\/i>\n\n\n\n<p>Processing tax returns and tax advice by a certified tax advisor<\/p>\n<\/div><\/div>\n<\/div><\/section>\n\n\n\n<span class=\"custom-nav\" id=\"o-nas\"><\/span>\n<\/div><\/section>\n\n\n\n<section class=\"wp-block-uagb-section uagb-section__wrap uagb-section__background-undefined uagb-block-a3c8ba60 about-us\"><div class=\"uagb-section__overlay\"><\/div><div class=\"uagb-section__inner-wrap\">\n<section class=\"wp-block-uagb-columns uagb-columns__wrap uagb-columns__background-undefined uagb-columns__stack-mobile uagb-columns__valign-undefined uagb-columns__gap-10 alignundefined uagb-block-088db7a2\"><div class=\"uagb-columns__overlay\"><\/div><div class=\"uagb-columns__inner-wrap uagb-columns__columns-2\">\n<div class=\"wp-block-uagb-column uagb-column__wrap uagb-column__background-undefined uagb-block-6e8d4aae\"><div class=\"uagb-column__overlay\"><\/div><div class=\"uagb-column__inner-wrap\">\n<section class=\"wp-block-uagb-section uagb-section__wrap uagb-section__background-undefined uagb-block-4a30d072 up-line left\"><div class=\"uagb-section__overlay\"><\/div><div class=\"uagb-section__inner-wrap\">\n<h2 class=\"no-margin upprc\">A little bit about us<\/h2>\n<\/div><\/section>\n<\/div><\/div>\n\n\n\n<div class=\"wp-block-uagb-column uagb-column__wrap uagb-column__background-undefined uagb-block-037301b0\"><div class=\"uagb-column__overlay\"><\/div><div class=\"uagb-column__inner-wrap\">\n<p>The company ECOMA MK spol. s.r.o. was established on November 11, 2002 by disconnection from ECOMA. The newly established company is characterized by a focus exclusively on the provision of economic services. <\/p>\n<\/div><\/div>\n<\/div><\/section>\n\n\n\n<span class=\"custom-nav\" id=\"ecoma-v-cislach\"><\/span>\n<\/div><\/section>\n\n\n\n<section class=\"wp-block-uagb-section uagb-section__wrap uagb-section__background-image uagb-block-be548a78 experiences\"><div class=\"uagb-section__overlay\"><\/div><div class=\"uagb-section__inner-wrap\">\n<div style=\"height:50px\" aria-hidden=\"true\" class=\"wp-block-spacer\"><\/div>\n\n\n\n<section class=\"wp-block-uagb-section uagb-section__wrap uagb-section__background-undefined uagb-block-9e1ccdda up-line center center-mode\"><div class=\"uagb-section__overlay\"><\/div><div class=\"uagb-section__inner-wrap\">\n<h2 class=\"has-text-align-center no-margin\">21 years since its foundation<\/h2>\n\n\n\n<p><\/p>\n<\/div><\/section>\n\n\n\n<section class=\"wp-block-uagb-columns uagb-columns__wrap uagb-columns__background-undefined uagb-columns__stack-mobile uagb-columns__valign-undefined uagb-columns__gap-10 alignundefined uagb-block-00c49747 count-columns\"><div class=\"uagb-columns__overlay\"><\/div><div class=\"uagb-columns__inner-wrap uagb-columns__columns-4\">\n<div class=\"wp-block-uagb-column uagb-column__wrap uagb-column__background-undefined uagb-block-0ed741ec\"><div class=\"uagb-column__overlay\"><\/div><div class=\"uagb-column__inner-wrap\">\n<h3>100<\/h3>\n\n\n\n<p>satisfied customers<\/p>\n<\/div><\/div>\n\n\n\n<div class=\"wp-block-uagb-column uagb-column__wrap uagb-column__background-undefined uagb-block-d3731e34\"><div class=\"uagb-column__overlay\"><\/div><div class=\"uagb-column__inner-wrap\">\n<h3>23<\/h3>\n\n\n\n<p>years of experience<\/p>\n<\/div><\/div>\n\n\n\n<div class=\"wp-block-uagb-column uagb-column__wrap uagb-column__background-undefined uagb-block-dd2042e9\"><div class=\"uagb-column__overlay\"><\/div><div class=\"uagb-column__inner-wrap\">\n<h3>10<\/h3>\n\n\n\n<p>employees<\/p>\n<\/div><\/div>\n\n\n\n<div class=\"wp-block-uagb-column uagb-column__wrap uagb-column__background-undefined uagb-block-8f941caa\"><div class=\"uagb-column__overlay\"><\/div><div class=\"uagb-column__inner-wrap\">\n<h3>2<\/h3>\n\n\n\n<p>accredited auditors<\/p>\n<\/div><\/div>\n<\/div><\/section>\n\n\n\n<span class=\"custom-nav\" id=\"nase-sluzby\"><\/span>\n<\/div><\/section>\n\n\n\n<section class=\"wp-block-uagb-section uagb-section__wrap uagb-section__background-undefined uagb-block-570e19f5 our-services\"><div class=\"uagb-section__overlay\"><\/div><div class=\"uagb-section__inner-wrap\">\n<section class=\"wp-block-uagb-columns uagb-columns__wrap uagb-columns__background-undefined uagb-columns__stack-mobile uagb-columns__valign-undefined uagb-columns__gap-10 alignundefined uagb-block-136c26e7 our-services-tabs\"><div class=\"uagb-columns__overlay\"><\/div><div class=\"uagb-columns__inner-wrap uagb-columns__columns-3\">\n<div class=\"wp-block-uagb-column uagb-column__wrap uagb-column__background-undefined uagb-block-33a85255\"><div class=\"uagb-column__overlay\"><\/div><div class=\"uagb-column__inner-wrap\">\n<section class=\"wp-block-uagb-section uagb-section__wrap uagb-section__background-undefined uagb-block-11d343d9 up-line left\"><div class=\"uagb-section__overlay\"><\/div><div class=\"uagb-section__inner-wrap\">\n<h2 class=\"no-margin upprc\">Our services<\/h2>\n<\/div><\/section>\n<\/div><\/div>\n\n\n\n<div class=\"wp-block-uagb-column uagb-column__wrap uagb-column__background-undefined uagb-block-a65062fd\"><div class=\"uagb-column__overlay\"><\/div><div class=\"uagb-column__inner-wrap\">\n<section class=\"wp-block-uagb-section uagb-section__wrap uagb-section__background-undefined uagb-block-6c374e87 our-services-tab\"><div class=\"uagb-section__overlay\"><\/div><div class=\"uagb-section__inner-wrap\">\n<i class=\"fas fa-chart-bar\"><\/i>\n\n\n\n<p>Simple accounting on our computer system or on the customer&#8217;s system<\/p>\n<\/div><\/section>\n<\/div><\/div>\n\n\n\n<div class=\"wp-block-uagb-column uagb-column__wrap uagb-column__background-undefined uagb-block-0b0940ad\"><div class=\"uagb-column__overlay\"><\/div><div class=\"uagb-column__inner-wrap\">\n<section class=\"wp-block-uagb-section uagb-section__wrap uagb-section__background-undefined uagb-block-2b09ec22 our-services-tab\"><div class=\"uagb-section__overlay\"><\/div><div class=\"uagb-section__inner-wrap\">\n<i class=\"fas fa-chart-line\"><\/i>\n\n\n\n<p>Double-entry bookkeeping on our computer system or on the customer&#8217;s system<\/p>\n<\/div><\/section>\n<\/div><\/div>\n<\/div><\/section>\n\n\n\n<section class=\"wp-block-uagb-columns uagb-columns__wrap uagb-columns__background-undefined uagb-columns__stack-mobile uagb-columns__valign-undefined uagb-columns__gap-10 alignundefined uagb-block-540082cf our-services-tabs\"><div class=\"uagb-columns__overlay\"><\/div><div class=\"uagb-columns__inner-wrap uagb-columns__columns-3\">\n<div class=\"wp-block-uagb-column uagb-column__wrap uagb-column__background-undefined uagb-block-0e6f42a2\"><div class=\"uagb-column__overlay\"><\/div><div class=\"uagb-column__inner-wrap\">\n<section class=\"wp-block-uagb-section uagb-section__wrap uagb-section__background-undefined uagb-block-e625bed6 our-services-tab\"><div class=\"uagb-section__overlay\"><\/div><div class=\"uagb-section__inner-wrap\">\n<i class=\"fas fa-euro-sign\"><\/i>\n\n\n\n<p>Payroll processing, including communication with authorities (reporting, statistics)<br><\/p>\n<\/div><\/section>\n<\/div><\/div>\n\n\n\n<div class=\"wp-block-uagb-column uagb-column__wrap uagb-column__background-undefined uagb-block-156ed81e\"><div class=\"uagb-column__overlay\"><\/div><div class=\"uagb-column__inner-wrap\">\n<section class=\"wp-block-uagb-section uagb-section__wrap uagb-section__background-undefined uagb-block-30bd252b our-services-tab\"><div class=\"uagb-section__overlay\"><\/div><div class=\"uagb-section__inner-wrap\">\n<i class=\"fas fa-desktop\"><\/i>\n\n\n\n<p>We process accounting in the <a rel=\"noreferrer noopener\" href=\"http:\/\/www.mrp.sk\/\" target=\"_blank\">MRP <\/a> information system <\/p>\n<\/div><\/section>\n<\/div><\/div>\n\n\n\n<div class=\"wp-block-uagb-column uagb-column__wrap uagb-column__background-undefined uagb-block-39810c39\"><div class=\"uagb-column__overlay\"><\/div><div class=\"uagb-column__inner-wrap\">\n<section class=\"wp-block-uagb-section uagb-section__wrap uagb-section__background-undefined uagb-block-9608b4b0 our-services-tab\"><div class=\"uagb-section__overlay\"><\/div><div class=\"uagb-section__inner-wrap\">\n<i class=\"fas fa-drum-steelpan\"><\/i>\n\n\n\n<p>We charge our clients in the information systems of Intelsoft, Helios and Abra<br><\/p>\n<\/div><\/section>\n<\/div><\/div>\n<\/div><\/section>\n\n\n\n<span class=\"custom-nav\" id=\"zakladatelky\"><\/span>\n<\/div><\/section>\n\n\n\n<section class=\"wp-block-uagb-section uagb-section__wrap uagb-section__background-image uagb-block-f7b6d559 founders\"><div class=\"uagb-section__overlay\"><\/div><div class=\"uagb-section__inner-wrap\">\n<div style=\"height:50px\" aria-hidden=\"true\" class=\"wp-block-spacer\"><\/div>\n\n\n\n<section class=\"wp-block-uagb-section uagb-section__wrap uagb-section__background-undefined uagb-block-2e08d5d0 up-line center center-mode\"><div class=\"uagb-section__overlay\"><\/div><div class=\"uagb-section__inner-wrap\">\n<h2 class=\"has-text-align-center no-margin\">Founders<\/h2>\n\n\n\n<p><\/p>\n<\/div><\/section>\n\n\n\n<section class=\"wp-block-uagb-columns uagb-columns__wrap uagb-columns__background-undefined uagb-columns__stack-mobile uagb-columns__valign-undefined uagb-columns__gap-10 alignundefined uagb-block-3bf6bb21 founder-detail\"><div class=\"uagb-columns__overlay\"><\/div><div class=\"uagb-columns__inner-wrap uagb-columns__columns-2\">\n<div class=\"wp-block-uagb-column uagb-column__wrap uagb-column__background-undefined uagb-block-624e2bc1 founder-detail__col-left\"><div class=\"uagb-column__overlay\"><\/div><div class=\"uagb-column__inner-wrap\">\n<h2 class=\"has-text-align-right\">Ing. Margita Markov\u00e1<\/h2>\n\n\n\n<p><\/p>\n<\/div><\/div>\n\n\n\n<div class=\"wp-block-uagb-column uagb-column__wrap uagb-column__background-undefined uagb-block-6c3346a2 founder-detail__col-right\"><div class=\"uagb-column__overlay\"><\/div><div class=\"uagb-column__inner-wrap\">\n<h2>Ing. Zuzana Kov\u00e1\u010dov\u00e1<\/h2>\n\n\n\n<p><i class=\"fas fa-phone-alt\"><\/i> <a href=\"tel:00421456856595\">+421 456 856 595<\/a><\/p>\n\n\n\n<p><i class=\"fas fa-mobile-alt\"><\/i> <a href=\"tel:00421904648710\">+421 904 648 710<\/a><\/p>\n\n\n\n<p><i class=\"fas fa-fax\"><\/i> <a href=\"tel:00421456857748\">+421 456 857 748<\/a><\/p>\n\n\n\n<p><i class=\"fas fa-envelope\"><\/i> <a href=\"mailto:zuzana.kovacova@ecomamk.sk\">zuzana.kovacova@ecomamk.sk<\/a><\/p>\n\n\n\n<p><i class=\"fas fa-mouse-pointer\"><\/i> <a href=\"https:\/\/kovacovazuzana.sk\/\" target=\"_blank\" rel=\"noopener noreferrer\">www.kovacovazuzana.sk<\/a><\/p>\n<\/div><\/div>\n<\/div><\/section>\n\n\n\n<span class=\"custom-nav\" id=\"kontakt\"><\/span>\n<\/div><\/section>\n\n\n\n<section class=\"wp-block-uagb-section uagb-section__wrap uagb-section__background-undefined uagb-block-1903acd5 contact-section\"><div class=\"uagb-section__overlay\"><\/div><div class=\"uagb-section__inner-wrap\">\n<section class=\"wp-block-uagb-columns uagb-columns__wrap uagb-columns__background-undefined uagb-columns__stack-mobile uagb-columns__valign-undefined uagb-columns__gap-10 alignundefined uagb-block-55f4437e\"><div class=\"uagb-columns__overlay\"><\/div><div class=\"uagb-columns__inner-wrap uagb-columns__columns-2\">\n<div class=\"wp-block-uagb-column uagb-column__wrap uagb-column__background-undefined uagb-block-dc72313c info-column\"><div class=\"uagb-column__overlay\"><\/div><div class=\"uagb-column__inner-wrap\">\n<section class=\"wp-block-uagb-section uagb-section__wrap uagb-section__background-undefined uagb-block-8376250d up-line left\"><div class=\"uagb-section__overlay\"><\/div><div class=\"uagb-section__inner-wrap\">\n<h2 class=\"has-text-align-left no-margin\">Do not hesitate to contact us<\/h2>\n\n\n\n<p><\/p>\n<\/div><\/section>\n\n\n\n<p>ECOMA MK spol. s.r.o.<br>Bernol\u00e1kova 16\/27<br>968 01 Nov\u00e1 Ba\u0148a<\/p>\n\n\n\n<p><i class=\"fas fa-phone-alt\"><\/i> <a href=\"tel:%200456856595\">  045\/6856595<\/a><\/p>\n\n\n\n<p><i class=\"fas fa-phone-alt\"><\/i> <a href=\"tel:%200456857749\">  045\/6857749<\/a><\/p>\n\n\n\n<p><i class=\"fas fa-fax\"><\/i> <a href=\"tel:0456857748\">045\/6857748<\/a><\/p>\n\n\n\n<p><i class=\"fas fa-envelope\"><\/i> <a href=\"mailto:info@ecomamk.sk\">info@ecomamk.sk<\/a><\/p>\n<\/div><\/div>\n\n\n\n<div class=\"wp-block-uagb-column uagb-column__wrap uagb-column__background-undefined uagb-block-75e75b58 form-column\"><div class=\"uagb-column__overlay\"><\/div><div class=\"uagb-column__inner-wrap\"><div class=\"caldera-grid\" id=\"caldera_form_1\" data-cf-ver=\"1.9.4\" data-cf-form-id=\"CF5f8d545bd0292\"><div id=\"caldera_notices_1\" data-spinner=\"https:\/\/www.ecomamk.sk\/wp-admin\/images\/spinner.gif\"><\/div><form data-instance=\"1\" class=\"CF5f8d545bd0292 caldera_forms_form cfajax-trigger\" method=\"POST\" enctype=\"multipart\/form-data\" id=\"CF5f8d545bd0292_1\" data-form-id=\"CF5f8d545bd0292\" aria-label=\"Contact\" data-target=\"#caldera_notices_1\" data-template=\"#cfajax_CF5f8d545bd0292-tmpl\" data-cfajax=\"CF5f8d545bd0292\" data-load-element=\"_parent\" data-load-class=\"cf_processing\" data-post-disable=\"0\" data-action=\"cf_process_ajax_submit\" data-request=\"https:\/\/www.ecomamk.sk\/en\/\/cf-api\/CF5f8d545bd0292\">\r\n<input type=\"hidden\" id=\"_cf_verify_CF5f8d545bd0292\" name=\"_cf_verify\" value=\"2892fd9b1a\"  data-nonce-time=\"1777615934\" \/><input type=\"hidden\" name=\"_wp_http_referer\" value=\"\/en\/wp-json\/wp\/v2\/pages\/34417\" \/><div id=\"cf2-CF5f8d545bd0292_1\"><\/div><input type=\"hidden\" name=\"_cf_frm_id\" value=\"CF5f8d545bd0292\">\r\n<input type=\"hidden\" name=\"_cf_frm_ct\" value=\"1\">\r\n<input type=\"hidden\" name=\"cfajax\" value=\"CF5f8d545bd0292\">\r\n<input type=\"hidden\" name=\"_cf_cr_pst\" value=\"34417\">\r\n<div class=\"hide\" style=\"display:none; overflow:hidden;height:0;width:0;\">\r\n<label>Name<\/label><input type=\"text\" name=\"name\" value=\"\" autocomplete=\"off\">\r\n<\/div><div id=\"CF5f8d545bd0292_1-row-1\"  class=\"row  first_row\"><div  class=\"col-sm-6  first_col\"><div data-field-wrapper=\"fld_8768091\" class=\"form-group\" id=\"fld_8768091_1-wrap\">\r\n\t<label id=\"fld_8768091Label\" for=\"fld_8768091_1\" class=\"control-label\">Name <span aria-hidden=\"true\" role=\"presentation\" class=\"field_required\" style=\"color:#ee0000;\">*<\/span><\/label>\r\n\t<div class=\"\">\r\n\t\t<input   required type=\"text\" data-field=\"fld_8768091\" class=\" form-control\" id=\"fld_8768091_1\" name=\"fld_8768091\" value=\"\" data-type=\"text\" aria-required=\"true\"   aria-labelledby=\"fld_8768091Label\" >\t\t\t<\/div>\r\n<\/div>\r\n<\/div><div  class=\"col-sm-6  last_col\"><div data-field-wrapper=\"fld_9970286\" class=\"form-group\" id=\"fld_9970286_1-wrap\">\r\n\t<label id=\"fld_9970286Label\" for=\"fld_9970286_1\" class=\"control-label\">Surname <span aria-hidden=\"true\" role=\"presentation\" class=\"field_required\" style=\"color:#ee0000;\">*<\/span><\/label>\r\n\t<div class=\"\">\r\n\t\t<input   required type=\"text\" data-field=\"fld_9970286\" class=\" form-control\" id=\"fld_9970286_1\" name=\"fld_9970286\" value=\"\" data-type=\"text\" aria-required=\"true\"   aria-labelledby=\"fld_9970286Label\" >\t\t\t<\/div>\r\n<\/div>\r\n<\/div><\/div><div id=\"CF5f8d545bd0292_1-row-2\"  class=\"row \"><div  class=\"col-sm-12  single\"><div data-field-wrapper=\"fld_6009157\" class=\"form-group\" id=\"fld_6009157_1-wrap\">\r\n\t<label id=\"fld_6009157Label\" for=\"fld_6009157_1\" class=\"control-label\">E-mail <span aria-hidden=\"true\" role=\"presentation\" class=\"field_required\" style=\"color:#ee0000;\">*<\/span><\/label>\r\n\t<div class=\"\">\r\n\t\t<input   required type=\"email\" data-field=\"fld_6009157\" class=\" form-control\" id=\"fld_6009157_1\" name=\"fld_6009157\" value=\"\" data-type=\"email\" aria-required=\"true\"   aria-labelledby=\"fld_6009157Label\" >\t\t\t<\/div>\r\n<\/div>\r\n<\/div><\/div><div id=\"CF5f8d545bd0292_1-row-3\"  class=\"row \"><div  class=\"col-sm-12  single\"><div data-field-wrapper=\"fld_7683514\" class=\"form-group\" id=\"fld_7683514_1-wrap\">\r\n\t<label id=\"fld_7683514Label\" for=\"fld_7683514_1\" class=\"control-label\">Your message <span aria-hidden=\"true\" role=\"presentation\" class=\"field_required\" style=\"color:#ee0000;\">*<\/span><\/label>\r\n\t<div class=\"\">\r\n\t\t<textarea name=\"fld_7683514\" value=\"\" data-field=\"fld_7683514\" class=\"form-control\" id=\"fld_7683514_1\" rows=\"7\"  required=\"required\"  aria-labelledby=\"fld_7683514Label\" ><\/textarea>\n\t\t\t<\/div>\r\n<\/div>\r\n<\/div><\/div><div id=\"CF5f8d545bd0292_1-row-4\"  class=\"row \"><div  class=\"col-sm-7  first_col\"><div data-field-wrapper=\"fld_8607630\" class=\"form-group\" id=\"fld_8607630_1-wrap\">\r\n\t<label id=\"fld_8607630Label\" for=\"fld_8607630_1\" class=\"control-label screen-reader-text sr-only\">Consent to the processing of personal data<\/label>\r\n\t<div class=\"\">\r\n\t\t\t\t\t\t\t\t\t\t\t<div class=\"checkbox\">\n\t\t\t\t\n                <label                         for=\"fld_8607630_1_opt1419610\"\n                >\n                            <input\n                                data-parsley-required=\"true\" data-parsley-group=\"fld_8607630_1\" data-parsley-multiple=\"fld_8607630_1\"                                type=\"checkbox\"\n                                data-label=\"Consent to the processing of personal data\"\n                                data-field=\"fld_8607630\"\n                                id=\"fld_8607630_1_opt1419610\"\n                                class=\"fld_8607630_1 option-required\"\n                                name=\"fld_8607630[opt1419610]\"\n                                value=\"Consent to the processing of personal data\"\n                                                                data-type=\"checkbox\"\n                                data-checkbox-field=\"fld_8607630_1\"\n                                                                data-calc-value=\"S\u00fahlas so spracovan\u00edm osobn\u00fdch \u00fadajov\"\n                            >\n                    Consent to the processing of personal data                <\/label>\n\n                \t\t\t\t\t<\/div>\n\t\t\t\t\t\t\t\t\t\t\t<\/div>\r\n<\/div>\r\n<\/div><div  class=\"col-sm-5  last_col\"><div data-field-wrapper=\"fld_7908577\" class=\"form-group\" id=\"fld_7908577_1-wrap\">\r\n<div class=\"\">\r\n\t<input  class=\"btn btn-default\" type=\"submit\" name=\"fld_7908577\" id=\"fld_7908577_1\" value=\"Send\" data-field=\"fld_7908577\"  >\n<\/div>\r\n<\/div>\r\n\t<input class=\"button_trigger_1\" type=\"hidden\" name=\"fld_7908577\" id=\"fld_7908577_1_btn\" value=\"\" data-field=\"fld_7908577\"  \/>\n<\/div><\/div><div id=\"CF5f8d545bd0292_1-row-5\"  class=\"row  last_row\"><div  class=\"col-sm-12  single\"><div data-field-wrapper=\"fld_612811\" class=\"form-group\" id=\"fld_612811_1-wrap\">\r\n\n\n<div class=\"\">\r\n\n<input placeholder=\"Captcha\"  required type=\"hidden\" data-field=\"fld_612811\" class=\" form-control\" id=\"fld_612811_1\" name=\"fld_612811\" value=\"\" data-type=\"recaptcha\" aria-required=\"true\"   aria-labelledby=\"fld_612811Label\" >\n\t<div id=\"capfld_612811_1\"><\/div>\n\n\n<\/div>\r\n\n<\/div>\r\n<\/div><\/div><\/form>\r\n<\/div>\r\n\n<\/div><\/div>\n<\/div><\/section>\n<\/div><\/section>\n\n\n\n<section class=\"wp-block-uagb-section uagb-section__wrap uagb-section__background-undefined uagb-block-96369a65 map-section\"><div class=\"uagb-section__overlay\"><\/div><div class=\"uagb-section__inner-wrap\">\n<iframe loading=\"lazy\" src=\"https:\/\/www.google.com\/maps\/embed?pb=!1m18!1m12!1m3!1d2647.7951255461767!2d18.639633015555745!3d48.42207743928204!2m3!1f0!2f0!3f0!3m2!1i1024!2i768!4f13.1!3m3!1m2!1s0x476ad43254429ea7%3A0x13b79034ff90aa42!2zQmVybm9sw6Frb3ZhIDE2LCA5NjggMDEgTm92w6EgQmHFiGE!5e0!3m2!1ssk!2ssk!4v1586196746799!5m2!1ssk!2ssk\" width=\"100%\" height=\"300\" frameborder=\"0\" style=\"border:0;\" allowfullscreen=\"\" aria-hidden=\"false\" tabindex=\"0\"><\/iframe>\n<\/div><\/section>\n","protected":false},"excerpt":{"rendered":"","protected":false},"author":1,"featured_media":0,"parent":0,"menu_order":0,"comment_status":"closed","ping_status":"closed","template":"templates\/template-full-width.php","meta":[],"uagb_featured_image_src":{"full":false,"thumbnail":false,"medium":false,"medium_large":false,"large":false,"1536x1536":false,"2048x2048":false,"post-thumbnail":false,"twentytwenty-fullscreen":false},"uagb_author_info":{"display_name":"admin","author_link":"https:\/\/www.ecomamk.sk\/en\/author\/admin\/"},"uagb_comment_info":0,"uagb_excerpt":null,"_links":{"self":[{"href":"https:\/\/www.ecomamk.sk\/en\/wp-json\/wp\/v2\/pages\/34417"}],"collection":[{"href":"https:\/\/www.ecomamk.sk\/en\/wp-json\/wp\/v2\/pages"}],"about":[{"href":"https:\/\/www.ecomamk.sk\/en\/wp-json\/wp\/v2\/types\/page"}],"author":[{"embeddable":true,"href":"https:\/\/www.ecomamk.sk\/en\/wp-json\/wp\/v2\/users\/1"}],"replies":[{"embeddable":true,"href":"https:\/\/www.ecomamk.sk\/en\/wp-json\/wp\/v2\/comments?post=34417"}],"version-history":[{"count":10,"href":"https:\/\/www.ecomamk.sk\/en\/wp-json\/wp\/v2\/pages\/34417\/revisions"}],"predecessor-version":[{"id":34467,"href":"https:\/\/www.ecomamk.sk\/en\/wp-json\/wp\/v2\/pages\/34417\/revisions\/34467"}],"wp:attachment":[{"href":"https:\/\/www.ecomamk.sk\/en\/wp-json\/wp\/v2\/media?parent=34417"}],"curies":[{"name":"wp","href":"https:\/\/api.w.org\/{rel}","templated":true}]}}